{"id":1117,"date":"2025-01-13T14:28:38","date_gmt":"2025-01-13T14:28:38","guid":{"rendered":"https:\/\/monachilsierranevadaturismo.es\/que-hacer\/?page_id=1117"},"modified":"2025-01-13T14:57:36","modified_gmt":"2025-01-13T14:57:36","slug":"experiencias-cerro-de-la-encina","status":"publish","type":"page","link":"https:\/\/monachilsierranevadaturismo.es\/que-hacer\/experiencias-cerro-de-la-encina\/","title":{"rendered":"Experiencias Cerro de la Encina"},"content":{"rendered":"\t\t<div data-elementor-type=\"wp-page\" data-elementor-id=\"1117\" class=\"elementor elementor-1117\" data-elementor-post-type=\"page\">\n\t\t\t\t<div class=\"elementor-element elementor-element-108fa30 e-flex e-con-boxed e-con e-parent\" data-id=\"108fa30\" data-element_type=\"container\" data-settings=\"{&quot;background_background&quot;:&quot;classic&quot;}\">\n\t\t\t\t\t<div class=\"e-con-inner\">\n\t\t\t\t<div class=\"elementor-element elementor-element-56e6421 elementor-widget elementor-widget-heading\" data-id=\"56e6421\" data-element_type=\"widget\" data-widget_type=\"heading.default\">\n\t\t\t\t<div class=\"elementor-widget-container\">\n\t\t\t\t\t<h1 class=\"elementor-heading-title elementor-size-default\">El Cerro de la Encina en Monachil<\/h1>\t\t\t\t<\/div>\n\t\t\t\t<\/div>\n\t\t\t\t<div class=\"elementor-element elementor-element-b9eda68 elementor-widget elementor-widget-text-editor\" data-id=\"b9eda68\" data-element_type=\"widget\" data-widget_type=\"text-editor.default\">\n\t\t\t\t<div class=\"elementor-widget-container\">\n\t\t\t\t\t\t\t\t\t<p>Monachil cuenta con uno de los yacimientos arqueol\u00f3gicos m\u00e1s importantes y mejor conservados de la Cultura Arg\u00e1rica: El Cerro de la Encina. Poblado de la Edad del Bronce entre el 2000 y el 900 a.C.\u00a0 Un lugar con unas impresionantes vistas y ubicado en una colina cercana al R\u00edo Monachil para su defensa y control de acceso al f\u00e9rtil valle. En \u00e9l quedan restos de enterramientos, el basti\u00f3n principal, la estructura del poblado en terrazas, etc. Conocer el poblado es entender como estos antiguos pobladores comerciaban con lo pueblos vecinos, como utilizaban los metales extra\u00eddos de la miner\u00eda, su ritos funerarios, etc.\u00a0<\/p>\t\t\t\t\t\t\t\t<\/div>\n\t\t\t\t<\/div>\n\t\t\t\t\t<\/div>\n\t\t\t\t<\/div>\n\t\t<div class=\"elementor-element elementor-element-973c7e8 e-con-full e-flex e-con e-parent\" data-id=\"973c7e8\" data-element_type=\"container\" data-settings=\"{&quot;background_background&quot;:&quot;classic&quot;}\">\n\t\t<div class=\"elementor-element elementor-element-fa48edf e-con-full e-flex e-con e-child\" data-id=\"fa48edf\" data-element_type=\"container\">\n\t\t<div class=\"elementor-element elementor-element-701d0a3 e-con-full e-flex e-con e-child\" data-id=\"701d0a3\" data-element_type=\"container\">\n\t\t\t\t<div class=\"elementor-element elementor-element-1efc3d7 elementor-widget elementor-widget-heading\" data-id=\"1efc3d7\" data-element_type=\"widget\" data-widget_type=\"heading.default\">\n\t\t\t\t<div class=\"elementor-widget-container\">\n\t\t\t\t\t<h2 class=\"elementor-heading-title elementor-size-default\">EXPERIENCIA 01<\/h2>\t\t\t\t<\/div>\n\t\t\t\t<\/div>\n\t\t\t\t<\/div>\n\t\t<div class=\"elementor-element elementor-element-b3ef4a0 e-con-full e-flex e-con e-child\" data-id=\"b3ef4a0\" data-element_type=\"container\">\n\t\t\t\t<div class=\"elementor-element elementor-element-71254ee elementor-widget elementor-widget-button\" data-id=\"71254ee\" data-element_type=\"widget\" data-widget_type=\"button.default\">\n\t\t\t\t<div class=\"elementor-widget-container\">\n\t\t\t\t\t\t\t\t\t<div class=\"elementor-button-wrapper\">\n\t\t\t\t\t<a class=\"elementor-button elementor-button-link elementor-size-sm\" href=\"#\">\n\t\t\t\t\t\t<span class=\"elementor-button-content-wrapper\">\n\t\t\t\t\t\t\t\t\t<span class=\"elementor-button-text\">Visita Guiada<\/span>\n\t\t\t\t\t<\/span>\n\t\t\t\t\t<\/a>\n\t\t\t\t<\/div>\n\t\t\t\t\t\t\t\t<\/div>\n\t\t\t\t<\/div>\n\t\t\t\t<div class=\"elementor-element elementor-element-a37942c elementor-widget elementor-widget-image\" data-id=\"a37942c\" data-element_type=\"widget\" data-settings=\"{&quot;_animation&quot;:&quot;none&quot;}\" data-widget_type=\"image.default\">\n\t\t\t\t<div class=\"elementor-widget-container\">\n\t\t\t\t\t\t\t\t\t\t\t\t\t\t\t<img fetchpriority=\"high\" decoding=\"async\" width=\"768\" height=\"509\" src=\"https:\/\/monachilsierranevadaturismo.es\/que-hacer\/wp-content\/uploads\/2024\/05\/cerro-01-768x509.jpg\" class=\"elementor-animation-grow attachment-medium_large size-medium_large wp-image-754\" alt=\"\" srcset=\"https:\/\/monachilsierranevadaturismo.es\/que-hacer\/wp-content\/uploads\/2024\/05\/cerro-01-768x509.jpg 768w, https:\/\/monachilsierranevadaturismo.es\/que-hacer\/wp-content\/uploads\/2024\/05\/cerro-01-300x199.jpg 300w, https:\/\/monachilsierranevadaturismo.es\/que-hacer\/wp-content\/uploads\/2024\/05\/cerro-01.jpg 952w\" sizes=\"(max-width: 768px) 100vw, 768px\" \/>\t\t\t\t\t\t\t\t\t\t\t\t\t\t\t<\/div>\n\t\t\t\t<\/div>\n\t\t\t\t<\/div>\n\t\t<div class=\"elementor-element elementor-element-f1aea70 e-con-full e-flex e-con e-child\" data-id=\"f1aea70\" data-element_type=\"container\" data-settings=\"{&quot;background_background&quot;:&quot;classic&quot;}\">\n\t\t\t\t<div class=\"elementor-element elementor-element-013bc86 elementor-widget elementor-widget-heading\" data-id=\"013bc86\" data-element_type=\"widget\" data-widget_type=\"heading.default\">\n\t\t\t\t<div class=\"elementor-widget-container\">\n\t\t\t\t\t<h2 class=\"elementor-heading-title elementor-size-default\">CERRO DE LA ENCINA \"PREHISTORIA EN SIERRA NEVADA\"<\/h2>\t\t\t\t<\/div>\n\t\t\t\t<\/div>\n\t\t\t\t<div class=\"elementor-element elementor-element-2456534 elementor-widget elementor-widget-text-editor\" data-id=\"2456534\" data-element_type=\"widget\" data-widget_type=\"text-editor.default\">\n\t\t\t\t<div class=\"elementor-widget-container\">\n\t\t\t\t\t\t\t\t\t<p>Descubre los restos y la historia del Poblado de la Edad del Bronce del Cerro de la Encina en Monachil, con una antig\u00fcedad de m\u00e1s de 3.000 a\u00f1os.\u00a0<\/p>\t\t\t\t\t\t\t\t<\/div>\n\t\t\t\t<\/div>\n\t\t\t\t<div class=\"elementor-element elementor-element-934e96c elementor-align-center elementor-mobile-align-center elementor-widget elementor-widget-button\" data-id=\"934e96c\" data-element_type=\"widget\" data-widget_type=\"button.default\">\n\t\t\t\t<div class=\"elementor-widget-container\">\n\t\t\t\t\t\t\t\t\t<div class=\"elementor-button-wrapper\">\n\t\t\t\t\t<a class=\"elementor-button elementor-button-link elementor-size-sm\" href=\"https:\/\/monachilsierranevadaturismo.es\/que-hacer\/cerro-de-la-encina-en-monachil-prehistoria-en-sierra-nevada\/\">\n\t\t\t\t\t\t<span class=\"elementor-button-content-wrapper\">\n\t\t\t\t\t\t<span class=\"elementor-button-icon\">\n\t\t\t\t<svg aria-hidden=\"true\" class=\"e-font-icon-svg e-fas-arrow-alt-circle-right\" viewBox=\"0 0 512 512\" xmlns=\"http:\/\/www.w3.org\/2000\/svg\"><path d=\"M256 8c137 0 248 111 248 248S393 504 256 504 8 393 8 256 119 8 256 8zM140 300h116v70.9c0 10.7 13 16.1 20.5 8.5l114.3-114.9c4.7-4.7 4.7-12.2 0-16.9l-114.3-115c-7.6-7.6-20.5-2.2-20.5 8.5V212H140c-6.6 0-12 5.4-12 12v64c0 6.6 5.4 12 12 12z\"><\/path><\/svg>\t\t\t<\/span>\n\t\t\t\t\t\t\t\t\t<span class=\"elementor-button-text\">M\u00c1S INFORMACI\u00d3N<\/span>\n\t\t\t\t\t<\/span>\n\t\t\t\t\t<\/a>\n\t\t\t\t<\/div>\n\t\t\t\t\t\t\t\t<\/div>\n\t\t\t\t<\/div>\n\t\t\t\t<\/div>\n\t\t\t\t<\/div>\n\t\t<div class=\"elementor-element elementor-element-0d68e33 e-con-full e-flex e-con e-child\" data-id=\"0d68e33\" data-element_type=\"container\">\n\t\t\t\t<div class=\"elementor-element elementor-element-aa74fe2 elementor-widget elementor-widget-heading\" data-id=\"aa74fe2\" data-element_type=\"widget\" data-widget_type=\"heading.default\">\n\t\t\t\t<div class=\"elementor-widget-container\">\n\t\t\t\t\t<h2 class=\"elementor-heading-title elementor-size-default\">EXPERIENCIA 02<\/h2>\t\t\t\t<\/div>\n\t\t\t\t<\/div>\n\t\t<div class=\"elementor-element elementor-element-50b3299 e-con-full e-flex e-con e-child\" data-id=\"50b3299\" data-element_type=\"container\" data-settings=\"{&quot;shape_divider_top&quot;:&quot;clouds&quot;}\">\n\t\t\t\t<div class=\"elementor-shape elementor-shape-top\" data-negative=\"false\">\n\t\t\t<svg xmlns=\"http:\/\/www.w3.org\/2000\/svg\" viewBox=\"0 0 283.5 27.8\" preserveAspectRatio=\"xMidYMax slice\">\n  <path class=\"elementor-shape-fill\" d=\"M0 0v6.7c1.9-.8 4.7-1.4 8.5-1 9.5 1.1 11.1 6 11.1 6s2.1-.7 4.3-.2c2.1.5 2.8 2.6 2.8 2.6s.2-.5 1.4-.7c1.2-.2 1.7.2 1.7.2s0-2.1 1.9-2.8c1.9-.7 3.6.7 3.6.7s.7-2.9 3.1-4.1 4.7 0 4.7 0 1.2-.5 2.4 0 1.7 1.4 1.7 1.4h1.4c.7 0 1.2.7 1.2.7s.8-1.8 4-2.2c3.5-.4 5.3 2.4 6.2 4.4.4-.4 1-.7 1.8-.9 2.8-.7 4 .7 4 .7s1.7-5 11.1-6c9.5-1.1 12.3 3.9 12.3 3.9s1.2-4.8 5.7-5.7c4.5-.9 6.8 1.8 6.8 1.8s.6-.6 1.5-.9c.9-.2 1.9-.2 1.9-.2s5.2-6.4 12.6-3.3c7.3 3.1 4.7 9 4.7 9s1.9-.9 4 0 2.8 2.4 2.8 2.4 1.9-1.2 4.5-1.2 4.3 1.2 4.3 1.2.2-1 1.4-1.7 2.1-.7 2.1-.7-.5-3.1 2.1-5.5 5.7-1.4 5.7-1.4 1.5-2.3 4.2-1.1c2.7 1.2 1.7 5.2 1.7 5.2s.3-.1 1.3.5c.5.4.8.8.9 1.1.5-1.4 2.4-5.8 8.4-4 7.1 2.1 3.5 8.9 3.5 8.9s.8-.4 2 0 1.1 1.1 1.1 1.1 1.1-1.1 2.3-1.1 2.1.5 2.1.5 1.9-3.6 6.2-1.2 1.9 6.4 1.9 6.4 2.6-2.4 7.4 0c3.4 1.7 3.9 4.9 3.9 4.9s3.3-6.9 10.4-7.9 11.5 2.6 11.5 2.6.8 0 1.2.2c.4.2.9.9.9.9s4.4-3.1 8.3.2c1.9 1.7 1.5 5 1.5 5s.3-1.1 1.6-1.4c1.3-.3 2.3.2 2.3.2s-.1-1.2.5-1.9 1.9-.9 1.9-.9-4.7-9.3 4.4-13.4c5.6-2.5 9.2.9 9.2.9s5-6.2 15.9-6.2 16.1 8.1 16.1 8.1.7-.2 1.6-.4V0H0z\"\/>\n<\/svg>\n\t\t<\/div>\n\t\t\t\t<div class=\"elementor-element elementor-element-3784a1a elementor-widget elementor-widget-button\" data-id=\"3784a1a\" data-element_type=\"widget\" data-widget_type=\"button.default\">\n\t\t\t\t<div class=\"elementor-widget-container\">\n\t\t\t\t\t\t\t\t\t<div class=\"elementor-button-wrapper\">\n\t\t\t\t\t<a class=\"elementor-button elementor-button-link elementor-size-sm\" href=\"#\">\n\t\t\t\t\t\t<span class=\"elementor-button-content-wrapper\">\n\t\t\t\t\t\t\t\t\t<span class=\"elementor-button-text\">Visita Guiada<\/span>\n\t\t\t\t\t<\/span>\n\t\t\t\t\t<\/a>\n\t\t\t\t<\/div>\n\t\t\t\t\t\t\t\t<\/div>\n\t\t\t\t<\/div>\n\t\t\t\t<div class=\"elementor-element elementor-element-a108917 elementor-widget elementor-widget-image\" data-id=\"a108917\" data-element_type=\"widget\" data-settings=\"{&quot;_animation&quot;:&quot;none&quot;}\" data-widget_type=\"image.default\">\n\t\t\t\t<div class=\"elementor-widget-container\">\n\t\t\t\t\t\t\t\t\t\t\t\t\t\t\t<img decoding=\"async\" width=\"768\" height=\"509\" src=\"https:\/\/monachilsierranevadaturismo.es\/que-hacer\/wp-content\/uploads\/2024\/05\/cerro-familiar-02-768x509.jpg\" class=\"elementor-animation-grow attachment-medium_large size-medium_large wp-image-769\" alt=\"\" srcset=\"https:\/\/monachilsierranevadaturismo.es\/que-hacer\/wp-content\/uploads\/2024\/05\/cerro-familiar-02-768x509.jpg 768w, https:\/\/monachilsierranevadaturismo.es\/que-hacer\/wp-content\/uploads\/2024\/05\/cerro-familiar-02-300x199.jpg 300w, https:\/\/monachilsierranevadaturismo.es\/que-hacer\/wp-content\/uploads\/2024\/05\/cerro-familiar-02.jpg 952w\" sizes=\"(max-width: 768px) 100vw, 768px\" \/>\t\t\t\t\t\t\t\t\t\t\t\t\t\t\t<\/div>\n\t\t\t\t<\/div>\n\t\t\t\t<\/div>\n\t\t<div class=\"elementor-element elementor-element-8ac088c e-con-full e-flex e-con e-child\" data-id=\"8ac088c\" data-element_type=\"container\" data-settings=\"{&quot;background_background&quot;:&quot;classic&quot;}\">\n\t\t\t\t<div class=\"elementor-element elementor-element-0b36584 elementor-widget elementor-widget-heading\" data-id=\"0b36584\" data-element_type=\"widget\" data-widget_type=\"heading.default\">\n\t\t\t\t<div class=\"elementor-widget-container\">\n\t\t\t\t\t<h2 class=\"elementor-heading-title elementor-size-default\">Senderismo Familiar Teatralizado \u00abCerro de la Encina\u00bb<\/h2>\t\t\t\t<\/div>\n\t\t\t\t<\/div>\n\t\t\t\t<div class=\"elementor-element elementor-element-391f1af elementor-widget elementor-widget-text-editor\" data-id=\"391f1af\" data-element_type=\"widget\" data-widget_type=\"text-editor.default\">\n\t\t\t\t<div class=\"elementor-widget-container\">\n\t\t\t\t\t\t\t\t\t<p>Una chamana de la \u00abTribu del Oso\u00bb nos llevar\u00e1 a descubrir los misterios del poblado prehist\u00f3rico del Cerro de la Encina.<\/p>\t\t\t\t\t\t\t\t<\/div>\n\t\t\t\t<\/div>\n\t\t\t\t<div class=\"elementor-element elementor-element-47400d8 elementor-align-center elementor-mobile-align-center elementor-widget elementor-widget-button\" data-id=\"47400d8\" data-element_type=\"widget\" data-widget_type=\"button.default\">\n\t\t\t\t<div class=\"elementor-widget-container\">\n\t\t\t\t\t\t\t\t\t<div class=\"elementor-button-wrapper\">\n\t\t\t\t\t<a class=\"elementor-button elementor-button-link elementor-size-sm\" href=\"https:\/\/monachilsierranevadaturismo.es\/que-hacer\/senderismo-familiar-teatralizado-cerro-de-la-encina\/\">\n\t\t\t\t\t\t<span class=\"elementor-button-content-wrapper\">\n\t\t\t\t\t\t<span class=\"elementor-button-icon\">\n\t\t\t\t<svg aria-hidden=\"true\" class=\"e-font-icon-svg e-fas-arrow-alt-circle-right\" viewBox=\"0 0 512 512\" xmlns=\"http:\/\/www.w3.org\/2000\/svg\"><path d=\"M256 8c137 0 248 111 248 248S393 504 256 504 8 393 8 256 119 8 256 8zM140 300h116v70.9c0 10.7 13 16.1 20.5 8.5l114.3-114.9c4.7-4.7 4.7-12.2 0-16.9l-114.3-115c-7.6-7.6-20.5-2.2-20.5 8.5V212H140c-6.6 0-12 5.4-12 12v64c0 6.6 5.4 12 12 12z\"><\/path><\/svg>\t\t\t<\/span>\n\t\t\t\t\t\t\t\t\t<span class=\"elementor-button-text\">M\u00c1S INFORMACI\u00d3N<\/span>\n\t\t\t\t\t<\/span>\n\t\t\t\t\t<\/a>\n\t\t\t\t<\/div>\n\t\t\t\t\t\t\t\t<\/div>\n\t\t\t\t<\/div>\n\t\t\t\t<\/div>\n\t\t\t\t<\/div>\n\t\t\t\t<\/div>\n\t\t\t\t<\/div>\n\t\t","protected":false},"excerpt":{"rendered":"<p>El Cerro de la Encina en Monachil Monachil cuenta con uno de los yacimientos arqueol\u00f3gicos m\u00e1s importantes y mejor conservados de la Cultura Arg\u00e1rica: El Cerro de la Encina. Poblado de la Edad del Bronce entre el 2000 y el 900 a.C.\u00a0 Un lugar con unas impresionantes vistas y ubicado en una colina cercana al [&hellip;]<\/p>\n","protected":false},"author":1,"featured_media":0,"parent":0,"menu_order":0,"comment_status":"closed","ping_status":"closed","template":"elementor_header_footer","meta":{"footnotes":""},"class_list":["post-1117","page","type-page","status-publish","hentry"],"_links":{"self":[{"href":"https:\/\/monachilsierranevadaturismo.es\/que-hacer\/wp-json\/wp\/v2\/pages\/1117","targetHints":{"allow":["GET"]}}],"collection":[{"href":"https:\/\/monachilsierranevadaturismo.es\/que-hacer\/wp-json\/wp\/v2\/pages"}],"about":[{"href":"https:\/\/monachilsierranevadaturismo.es\/que-hacer\/wp-json\/wp\/v2\/types\/page"}],"author":[{"embeddable":true,"href":"https:\/\/monachilsierranevadaturismo.es\/que-hacer\/wp-json\/wp\/v2\/users\/1"}],"replies":[{"embeddable":true,"href":"https:\/\/monachilsierranevadaturismo.es\/que-hacer\/wp-json\/wp\/v2\/comments?post=1117"}],"version-history":[{"count":10,"href":"https:\/\/monachilsierranevadaturismo.es\/que-hacer\/wp-json\/wp\/v2\/pages\/1117\/revisions"}],"predecessor-version":[{"id":1138,"href":"https:\/\/monachilsierranevadaturismo.es\/que-hacer\/wp-json\/wp\/v2\/pages\/1117\/revisions\/1138"}],"wp:attachment":[{"href":"https:\/\/monachilsierranevadaturismo.es\/que-hacer\/wp-json\/wp\/v2\/media?parent=1117"}],"curies":[{"name":"wp","href":"https:\/\/api.w.org\/{rel}","templated":true}]}}