{"id":140,"date":"2021-12-23T16:36:06","date_gmt":"2021-12-23T16:36:06","guid":{"rendered":"http:\/\/monachilsierranevadaturismo.es\/en\/?page_id=140"},"modified":"2022-03-28T07:48:38","modified_gmt":"2022-03-28T07:48:38","slug":"aviso-legal","status":"publish","type":"page","link":"https:\/\/monachilsierranevadaturismo.es\/en\/aviso-legal\/","title":{"rendered":"Aviso Legal"},"content":{"rendered":"\t\t<div data-elementor-type=\"wp-page\" data-elementor-id=\"140\" class=\"elementor elementor-140\" data-elementor-post-type=\"page\">\n\t\t\t\t\t\t<section class=\"elementor-section elementor-inner-section elementor-element elementor-element-73d6883 elementor-section-boxed elementor-section-height-default elementor-section-height-default\" data-id=\"73d6883\" data-element_type=\"section\" data-settings=\"{&quot;background_background&quot;:&quot;classic&quot;}\">\n\t\t\t\t\t\t<div class=\"elementor-container elementor-column-gap-default\">\n\t\t\t\t\t<div class=\"elementor-column elementor-col-100 elementor-inner-column elementor-element elementor-element-acbe06c\" data-id=\"acbe06c\" data-element_type=\"column\">\n\t\t\t<div class=\"elementor-widget-wrap elementor-element-populated\">\n\t\t\t\t\t\t<div class=\"elementor-element elementor-element-6a36a04 elementor-widget-divider--view-line elementor-widget elementor-widget-divider\" data-id=\"6a36a04\" data-element_type=\"widget\" data-widget_type=\"divider.default\">\n\t\t\t\t<div class=\"elementor-widget-container\">\n\t\t\t\t\t\t\t<div class=\"elementor-divider\">\n\t\t\t<span class=\"elementor-divider-separator\">\n\t\t\t\t\t\t<\/span>\n\t\t<\/div>\n\t\t\t\t\t\t<\/div>\n\t\t\t\t<\/div>\n\t\t\t\t<div class=\"elementor-element elementor-element-b9a167c elementor-widget elementor-widget-heading\" data-id=\"b9a167c\" data-element_type=\"widget\" data-widget_type=\"heading.default\">\n\t\t\t\t<div class=\"elementor-widget-container\">\n\t\t\t\t\t<h1 class=\"elementor-heading-title elementor-size-default\">Aviso Legal<\/h1>\t\t\t\t<\/div>\n\t\t\t\t<\/div>\n\t\t\t\t\t<\/div>\n\t\t<\/div>\n\t\t\t\t\t<\/div>\n\t\t<\/section>\n\t\t\t\t<section class=\"elementor-section elementor-inner-section elementor-element elementor-element-8bd6894 elementor-section-boxed elementor-section-height-default elementor-section-height-default\" data-id=\"8bd6894\" data-element_type=\"section\" data-settings=\"{&quot;background_background&quot;:&quot;classic&quot;}\">\n\t\t\t\t\t\t<div class=\"elementor-container elementor-column-gap-default\">\n\t\t\t\t\t<div class=\"elementor-column elementor-col-100 elementor-inner-column elementor-element elementor-element-13b9263\" data-id=\"13b9263\" data-element_type=\"column\">\n\t\t\t<div class=\"elementor-widget-wrap elementor-element-populated\">\n\t\t\t\t\t\t<div class=\"elementor-element elementor-element-eb55ca2 elementor-widget elementor-widget-heading\" data-id=\"eb55ca2\" data-element_type=\"widget\" data-widget_type=\"heading.default\">\n\t\t\t\t<div class=\"elementor-widget-container\">\n\t\t\t\t\t<h2 class=\"elementor-heading-title elementor-size-default\">Aviso Legal<\/h2>\t\t\t\t<\/div>\n\t\t\t\t<\/div>\n\t\t\t\t<div class=\"elementor-element elementor-element-96e5725 elementor-widget elementor-widget-text-editor\" data-id=\"96e5725\" data-element_type=\"widget\" data-widget_type=\"text-editor.default\">\n\t\t\t\t<div class=\"elementor-widget-container\">\n\t\t\t\t\t\t\t\t\t<p>En cumplimiento con el deber de informaci\u00f3n recogido en art\u00edculo 10 de la Ley 34\/2002, de 11 de julio, de Servicios de la Sociedad de la Informaci\u00f3n y del Comercio Electr\u00f3nico (LSSICE), el propietario de la web , le informa de lo siguiente:<\/p><p>\u00a0<\/p><ul><li>Denominaci\u00f3n social: Excelent\u00edsimo Ayuntamiento de Monachil<\/li><li>NIF: P1813500D<\/li><li>Domicilio: C\/ Plaza Baja n\u00ba1, Monachil .18193 Granada.<\/li><li>Email: ayuntamiento@monachil.es<\/li><li>Web: monachil.es<\/li><li>Los datos de contacto del DPO son: dpo@monachil.es<\/li><\/ul><p>\u00a0<\/p><p>Con los l\u00edmites establecidos en la ley, Excelent\u00edsimo Ayuntamiento de Monachil. no asume ninguna responsabilidad derivada de la falta de veracidad, integridad, actualizaci\u00f3n y precisi\u00f3n de los datos o informaciones que contienen sus p\u00e1ginas web.<\/p><p>\u00a0<\/p><p>Los contenidos e informaci\u00f3n no vinculan a Excelent\u00edsimo Ayuntamiento de Monachil. ni constituyen opiniones, consejos o asesoramiento legal de ning\u00fan tipo pues se trata meramente de un servicio ofrecido con car\u00e1cter informativo y divulgativo.<\/p><p>\u00a0<\/p><p>Las p\u00e1ginas de Internet de monachilsierranevadaturismo.es. pueden contener enlaces (links) a otras p\u00e1ginas de terceras partes que Excelent\u00edsimo Ayuntamiento de Monachil. no puede controlar. Por lo tanto, Excelent\u00edsimo Ayuntamiento de Monachil. no puede asumir responsabilidades por el contenido que pueda aparecer en p\u00e1ginas de terceros.<\/p><p>\u00a0<\/p><p>Los textos, im\u00e1genes, sonidos, animaciones, software y el resto de contenidos incluidos en este website son propiedad exclusiva de Excelent\u00edsimo Ayuntamiento de Monachil. o sus licenciantes. Cualquier acto de transmisi\u00f3n, distribuci\u00f3n, cesi\u00f3n, reproducci\u00f3n, almacenamiento o comunicaci\u00f3n p\u00fablica total o parcial, deber\u00e1 contar con el consentimiento expreso de Excelent\u00edsimo Ayuntamiento de Monachil..<\/p><p>\u00a0<\/p><p>Asimismo, para acceder a algunos de los servicios que Excelent\u00edsimo Ayuntamiento de Monachil. ofrece a trav\u00e9s del sitio web, deber\u00e1 proporcionar algunos datos de car\u00e1cter personal. En cumplimiento de lo establecido en el Reglamento (UE) 2016\/679 del Parlamento Europeo y del Consejo, de 27 de abril de 2016, relativo a la protecci\u00f3n de las personas f\u00edsicas en lo que respecta al tratamiento de datos personales y a la libre circulaci\u00f3n de estos datos le informamos que, mediante la cumplimentaci\u00f3n de los presentes formularios, sus datos personales quedar\u00e1n incorporados y ser\u00e1n tratados en los ficheros de Excelent\u00edsimo Ayuntamiento de Monachil. con el fin de poderle prestar y ofrecer nuestros servicios as\u00ed como para informarle de las mejoras del sitio Web.<\/p><p>\u00a0<\/p><p>Le informamos tambi\u00e9n de que tendr\u00e1 la posibilidad en todo momento de ejercer los derechos de acceso, rectificaci\u00f3n, cancelaci\u00f3n, oposici\u00f3n, limitaci\u00f3n y portabilidad de sus datos de car\u00e1cter personal, de manera gratuita mediante email a: ayuntamiento@monachil.es o en la direcci\u00f3n: C\/ Plaza Baja n\u00ba1, Monachil, 18193 Granada.<\/p><p>\u00a0<\/p><p>Los datos de contacto del DPO son: \u00a0 <a href=\"mailto:dpo@monachil.es\">dpo@monachil.es<\/a><\/p><p>\u00a0<\/p><p>Tiene derecho a presentar una reclamaci\u00f3n ante la autoridad de control en www..aepd.es<\/p><p>\u00a0<\/p><p>REV: 24\/12\/2021<\/p>\t\t\t\t\t\t\t\t<\/div>\n\t\t\t\t<\/div>\n\t\t\t\t\t<\/div>\n\t\t<\/div>\n\t\t\t\t\t<\/div>\n\t\t<\/section>\n\t\t\t\t<\/div>\n\t\t","protected":false},"excerpt":{"rendered":"<p>Aviso Legal Aviso Legal En cumplimiento con el deber de informaci\u00f3n recogido en art\u00edculo 10 de la Ley 34\/2002, de 11 de julio, de Servicios de la Sociedad de la Informaci\u00f3n y del Comercio Electr\u00f3nico (LSSICE), el propietario de la web , le informa de lo siguiente: \u00a0 Denominaci\u00f3n social: Excelent\u00edsimo Ayuntamiento de Monachil NIF:&hellip; <a class=\"more-link\" href=\"https:\/\/monachilsierranevadaturismo.es\/en\/aviso-legal\/\">Seguir leyendo <span class=\"screen-reader-text\">Aviso Legal<\/span><\/a><\/p>\n","protected":false},"author":1,"featured_media":0,"parent":0,"menu_order":0,"comment_status":"closed","ping_status":"closed","template":"elementor_header_footer","meta":{"footnotes":""},"class_list":["post-140","page","type-page","status-publish","hentry","wpautop","entry"],"yoast_head":"<!-- This site is optimized with the Yoast SEO plugin v26.7 - https:\/\/yoast.com\/wordpress\/plugins\/seo\/ -->\n<title>Aviso Legal - Monachil Sierra Nevada Turismo<\/title>\n<meta name=\"robots\" content=\"index, follow, max-snippet:-1, max-image-preview:large, max-video-preview:-1\" \/>\n<link rel=\"canonical\" href=\"https:\/\/monachilsierranevadaturismo.es\/en\/aviso-legal\/\" \/>\n<meta property=\"og:locale\" content=\"es_ES\" \/>\n<meta property=\"og:type\" content=\"article\" \/>\n<meta property=\"og:title\" content=\"Aviso Legal - Monachil Sierra Nevada Turismo\" \/>\n<meta property=\"og:description\" content=\"Aviso Legal Aviso Legal En cumplimiento con el deber de informaci\u00f3n recogido en art\u00edculo 10 de la Ley 34\/2002, de 11 de julio, de Servicios de la Sociedad de la Informaci\u00f3n y del Comercio Electr\u00f3nico (LSSICE), el propietario de la web , le informa de lo siguiente: \u00a0 Denominaci\u00f3n social: Excelent\u00edsimo Ayuntamiento de Monachil NIF:&hellip; Seguir leyendo Aviso Legal\" \/>\n<meta property=\"og:url\" content=\"https:\/\/monachilsierranevadaturismo.es\/en\/aviso-legal\/\" \/>\n<meta property=\"og:site_name\" content=\"Monachil Sierra Nevada Turismo\" \/>\n<meta property=\"article:modified_time\" content=\"2022-03-28T07:48:38+00:00\" \/>\n<meta name=\"twitter:card\" content=\"summary_large_image\" \/>\n<meta name=\"twitter:label1\" content=\"Tiempo de lectura\" \/>\n\t<meta name=\"twitter:data1\" content=\"2 minutos\" \/>\n<script type=\"application\/ld+json\" class=\"yoast-schema-graph\">{\"@context\":\"https:\/\/schema.org\",\"@graph\":[{\"@type\":\"WebPage\",\"@id\":\"https:\/\/monachilsierranevadaturismo.es\/en\/aviso-legal\/\",\"url\":\"https:\/\/monachilsierranevadaturismo.es\/en\/aviso-legal\/\",\"name\":\"Aviso Legal - Monachil Sierra Nevada Turismo\",\"isPartOf\":{\"@id\":\"https:\/\/monachilsierranevadaturismo.es\/en\/#website\"},\"datePublished\":\"2021-12-23T16:36:06+00:00\",\"dateModified\":\"2022-03-28T07:48:38+00:00\",\"breadcrumb\":{\"@id\":\"https:\/\/monachilsierranevadaturismo.es\/en\/aviso-legal\/#breadcrumb\"},\"inLanguage\":\"es\",\"potentialAction\":[{\"@type\":\"ReadAction\",\"target\":[\"https:\/\/monachilsierranevadaturismo.es\/en\/aviso-legal\/\"]}]},{\"@type\":\"BreadcrumbList\",\"@id\":\"https:\/\/monachilsierranevadaturismo.es\/en\/aviso-legal\/#breadcrumb\",\"itemListElement\":[{\"@type\":\"ListItem\",\"position\":1,\"name\":\"Portada\",\"item\":\"https:\/\/monachilsierranevadaturismo.es\/en\/\"},{\"@type\":\"ListItem\",\"position\":2,\"name\":\"Aviso Legal\"}]},{\"@type\":\"WebSite\",\"@id\":\"https:\/\/monachilsierranevadaturismo.es\/en\/#website\",\"url\":\"https:\/\/monachilsierranevadaturismo.es\/en\/\",\"name\":\"Monachil Sierra Nevada Turismo\",\"description\":\"Monachil Sierra Nevada Turismo\",\"potentialAction\":[{\"@type\":\"SearchAction\",\"target\":{\"@type\":\"EntryPoint\",\"urlTemplate\":\"https:\/\/monachilsierranevadaturismo.es\/en\/?s={search_term_string}\"},\"query-input\":{\"@type\":\"PropertyValueSpecification\",\"valueRequired\":true,\"valueName\":\"search_term_string\"}}],\"inLanguage\":\"es\"}]}<\/script>\n<!-- \/ Yoast SEO plugin. -->","yoast_head_json":{"title":"Aviso Legal - Monachil Sierra Nevada Turismo","robots":{"index":"index","follow":"follow","max-snippet":"max-snippet:-1","max-image-preview":"max-image-preview:large","max-video-preview":"max-video-preview:-1"},"canonical":"https:\/\/monachilsierranevadaturismo.es\/en\/aviso-legal\/","og_locale":"es_ES","og_type":"article","og_title":"Aviso Legal - Monachil Sierra Nevada Turismo","og_description":"Aviso Legal Aviso Legal En cumplimiento con el deber de informaci\u00f3n recogido en art\u00edculo 10 de la Ley 34\/2002, de 11 de julio, de Servicios de la Sociedad de la Informaci\u00f3n y del Comercio Electr\u00f3nico (LSSICE), el propietario de la web , le informa de lo siguiente: \u00a0 Denominaci\u00f3n social: Excelent\u00edsimo Ayuntamiento de Monachil NIF:&hellip; Seguir leyendo Aviso Legal","og_url":"https:\/\/monachilsierranevadaturismo.es\/en\/aviso-legal\/","og_site_name":"Monachil Sierra Nevada Turismo","article_modified_time":"2022-03-28T07:48:38+00:00","twitter_card":"summary_large_image","twitter_misc":{"Tiempo de lectura":"2 minutos"},"schema":{"@context":"https:\/\/schema.org","@graph":[{"@type":"WebPage","@id":"https:\/\/monachilsierranevadaturismo.es\/en\/aviso-legal\/","url":"https:\/\/monachilsierranevadaturismo.es\/en\/aviso-legal\/","name":"Aviso Legal - Monachil Sierra Nevada Turismo","isPartOf":{"@id":"https:\/\/monachilsierranevadaturismo.es\/en\/#website"},"datePublished":"2021-12-23T16:36:06+00:00","dateModified":"2022-03-28T07:48:38+00:00","breadcrumb":{"@id":"https:\/\/monachilsierranevadaturismo.es\/en\/aviso-legal\/#breadcrumb"},"inLanguage":"es","potentialAction":[{"@type":"ReadAction","target":["https:\/\/monachilsierranevadaturismo.es\/en\/aviso-legal\/"]}]},{"@type":"BreadcrumbList","@id":"https:\/\/monachilsierranevadaturismo.es\/en\/aviso-legal\/#breadcrumb","itemListElement":[{"@type":"ListItem","position":1,"name":"Portada","item":"https:\/\/monachilsierranevadaturismo.es\/en\/"},{"@type":"ListItem","position":2,"name":"Aviso Legal"}]},{"@type":"WebSite","@id":"https:\/\/monachilsierranevadaturismo.es\/en\/#website","url":"https:\/\/monachilsierranevadaturismo.es\/en\/","name":"Monachil Sierra Nevada Turismo","description":"Monachil Sierra Nevada Turismo","potentialAction":[{"@type":"SearchAction","target":{"@type":"EntryPoint","urlTemplate":"https:\/\/monachilsierranevadaturismo.es\/en\/?s={search_term_string}"},"query-input":{"@type":"PropertyValueSpecification","valueRequired":true,"valueName":"search_term_string"}}],"inLanguage":"es"}]}},"_links":{"self":[{"href":"https:\/\/monachilsierranevadaturismo.es\/en\/wp-json\/wp\/v2\/pages\/140","targetHints":{"allow":["GET"]}}],"collection":[{"href":"https:\/\/monachilsierranevadaturismo.es\/en\/wp-json\/wp\/v2\/pages"}],"about":[{"href":"https:\/\/monachilsierranevadaturismo.es\/en\/wp-json\/wp\/v2\/types\/page"}],"author":[{"embeddable":true,"href":"https:\/\/monachilsierranevadaturismo.es\/en\/wp-json\/wp\/v2\/users\/1"}],"replies":[{"embeddable":true,"href":"https:\/\/monachilsierranevadaturismo.es\/en\/wp-json\/wp\/v2\/comments?post=140"}],"version-history":[{"count":20,"href":"https:\/\/monachilsierranevadaturismo.es\/en\/wp-json\/wp\/v2\/pages\/140\/revisions"}],"predecessor-version":[{"id":4361,"href":"https:\/\/monachilsierranevadaturismo.es\/en\/wp-json\/wp\/v2\/pages\/140\/revisions\/4361"}],"wp:attachment":[{"href":"https:\/\/monachilsierranevadaturismo.es\/en\/wp-json\/wp\/v2\/media?parent=140"}],"curies":[{"name":"wp","href":"https:\/\/api.w.org\/{rel}","templated":true}]}}